{"id":262,"date":"2015-08-16T20:44:54","date_gmt":"2015-08-16T18:44:54","guid":{"rendered":"http:\/\/www.googlehupf.at\/rluh\/?page_id=262"},"modified":"2015-08-18T15:18:15","modified_gmt":"2015-08-18T13:18:15","slug":"verity","status":"publish","type":"page","link":"https:\/\/www.robertluh.com\/?page_id=262","title":{"rendered":"VERITY"},"content":{"rendered":"<p><strong><a href=\"http:\/\/www.googlehupf.at\/rluh\/wp-content\/uploads\/v3.png\"><img loading=\"lazy\" decoding=\"async\" class=\"alignleft size-full wp-image-250\" src=\"http:\/\/www.googlehupf.at\/rluh\/wp-content\/uploads\/v3.png\" alt=\"v3\" width=\"298\" height=\"453\" \/><\/a>Genre<\/strong>:\u00a0Krimi &amp; Abenteuer\u00a0&#x1f1e9;&#x1f1ea;<\/p>\n<p><strong>Pages<\/strong>:\u00a0330<br \/>\n<strong>Publisher<\/strong>: Amazon CreateSpace<br \/>\n<strong>ISBN<\/strong>: \u00a0978-1515172475<\/p>\n<p>Verity ist eine ungew\u00f6hnliche junge Frau mit einer zweifelhaften Gabe: Sie h\u00f6rt und sieht die Signale aller kabellosen Kommunikation. Der Mord an ihrem Arbeitgeber stellt ihre ohnehin schon chaotische Welt auf den Kopf und verleitet sie zur Ermittlung auf eigene Faust. Zusammen mit einer illustren Gefolgschaft ungew\u00f6hnlicher Bekanntschaften macht sie sich auf die Suche nach der gef\u00e4hrlichen Wahrheit\u2026<\/p>\n<p>Der Roman \u201eVerity \u2013 Wahrheit ist eine Anomalie\u201c ist eine schr\u00e4ge Abrechnung mit den \u00dcberwachungsprogrammen von NSA und Co.: Was tut eine einzelne Person mit der F\u00e4higkeit, private Kommunikation ohne Aufwand abh\u00f6ren zu k\u00f6nnen? Wo endet die Suche nach Gerechtigkeit und wo beginnt die kompromisslose \u00dcberwachung?<\/p>\n<p>Print edition:\u00a0<a href=\"http:\/\/www.amazon.de\/Verity-Wahrheit-ist-eine-Anomalie\/dp\/1515172473\" target=\"_blank\">Amazon.de<br \/>\n<\/a>Kindle e-book:\u00a0<a href=\"http:\/\/www.amazon.de\/Verity-Wahrheit-ist-eine-Anomalie-ebook\/dp\/B013Z29ASW\" target=\"_blank\">Amazon.de<\/a><\/p>\n<hr \/>\n<p>&#x1f1fa;&#x1f1f8;\u00a0\u201cVerity \u2013 Wahrheit ist eine Anomalie\u201d is my first ever German language novel: The story revolves around a young woman with the unique ability to <em>see<\/em> the signals of our everyday communication \u2013 mobile phone, WiFi, radio, satellite\u2026you name it.\u00a0Her skills put her on par with clandestine organizations such as the NSA \u2013 something that is bound to cause trouble.<br \/>\nWhen her employer is violently\u00a0killed, Verity\u00a0embarks on a perilous journey\u00a0to hunt down his killer and to discover a truth\u00a0she is not quite ready to confront.<\/p>\n<p>&nbsp;<\/p>\n","protected":false},"excerpt":{"rendered":"<p>Genre:\u00a0Krimi &amp; Abenteuer\u00a0&#x1f1e9;&#x1f1ea; Pages:\u00a0330 Publisher: Amazon CreateSpace ISBN: \u00a0978-1515172475 Verity ist eine ungew\u00f6hnliche junge Frau mit einer zweifelhaften Gabe: Sie h\u00f6rt und sieht die Signale aller kabellosen Kommunikation. Der Mord an ihrem Arbeitgeber stellt ihre ohnehin schon chaotische Welt auf den Kopf und verleitet sie zur Ermittlung auf eigene Faust. \u2026 <a class=\"continue-reading-link\" href=\"https:\/\/www.robertluh.com\/?page_id=262\"> Continue reading<\/a><\/p>\n","protected":false},"author":1,"featured_media":0,"parent":27,"menu_order":1,"comment_status":"closed","ping_status":"closed","template":"","meta":{"footnotes":""},"class_list":["post-262","page","type-page","status-publish","hentry"],"_links":{"self":[{"href":"https:\/\/www.robertluh.com\/index.php?rest_route=\/wp\/v2\/pages\/262","targetHints":{"allow":["GET"]}}],"collection":[{"href":"https:\/\/www.robertluh.com\/index.php?rest_route=\/wp\/v2\/pages"}],"about":[{"href":"https:\/\/www.robertluh.com\/index.php?rest_route=\/wp\/v2\/types\/page"}],"author":[{"embeddable":true,"href":"https:\/\/www.robertluh.com\/index.php?rest_route=\/wp\/v2\/users\/1"}],"replies":[{"embeddable":true,"href":"https:\/\/www.robertluh.com\/index.php?rest_route=%2Fwp%2Fv2%2Fcomments&post=262"}],"version-history":[{"count":11,"href":"https:\/\/www.robertluh.com\/index.php?rest_route=\/wp\/v2\/pages\/262\/revisions"}],"predecessor-version":[{"id":304,"href":"https:\/\/www.robertluh.com\/index.php?rest_route=\/wp\/v2\/pages\/262\/revisions\/304"}],"up":[{"embeddable":true,"href":"https:\/\/www.robertluh.com\/index.php?rest_route=\/wp\/v2\/pages\/27"}],"wp:attachment":[{"href":"https:\/\/www.robertluh.com\/index.php?rest_route=%2Fwp%2Fv2%2Fmedia&parent=262"}],"curies":[{"name":"wp","href":"https:\/\/api.w.org\/{rel}","templated":true}]}}